{"id":1764,"date":"2022-03-05T15:00:18","date_gmt":"2022-03-05T15:00:18","guid":{"rendered":"https:\/\/iboblr.in\/gupathsociety\/?page_id=1764"},"modified":"2022-11-02T09:29:16","modified_gmt":"2022-11-02T09:29:16","slug":"fellowships","status":"publish","type":"page","link":"https:\/\/iboblr.in\/gupathsociety\/fellowships\/","title":{"rendered":"Fellowships"},"content":{"rendered":"\n<div class=\"wp-block-columns is-layout-flex wp-container-core-columns-is-layout-9d6595d7 wp-block-columns-is-layout-flex\">\n<div class=\"wp-block-column is-layout-flow wp-block-column-is-layout-flow\" style=\"flex-basis:100%\">\n<figure class=\"wp-block-table is-style-stripes\">\n<table width=\"100%\" border=\"1\" cellpadding=\"4\" cellspacing=\"1\" class=\"table table-responsive\" style=\"font-size:14px; padding:-10px;\"> \n  <tbody>\n    <tr style=\"line-height: 20px;\">\n      <td width=\"20%\" bgcolor=\"#DADADA\"><p align=\"center\"><strong>Institution<\/strong><\/p><\/td>\n\n      <td width=\"20%\" bgcolor=\"#DADADA\"><p align=\"center\"><strong>Program Director<\/strong><\/p><\/td>\n\n      <td width=\"10%\" bgcolor=\"#DADADA\"><p align=\"center\"><strong>Positions Available<\/strong><\/p><\/td>\n\n      <td width=\"10%\" bgcolor=\"#DADADA\"><p align=\"center\"><strong>Duration<\/strong><\/p><\/td>\n\n      <td width=\"10%\"  bgcolor=\"#DADADA\" ><p align=\"center\"><strong>Specific Program Requirements<\/strong><\/p><\/td>\n\n      <td width=\"30%\" bgcolor=\"#DADADA\"><p align=\"center\"><strong>Training&nbsp;opportunities&nbsp;for&nbsp;International&nbsp;Pathologists<\/strong><br>\n        <strong>(If Yes, How Long?<\/strong>)<\/p><\/td>\n      <\/tr>\n\n    <tr>\n      <td valign=\"top\">Basavatarakam Indo American Cancer Hospital &amp;&nbsp; Research Institute,&nbsp;Hyderabad(TS), India      <\/td>\n\n      <td valign=\"top\">\n        Dr. B. Vishal Rao<br>\n          vishalrao1980@gmail.com<br>\n        +91 9985003442     <\/td>\n\n      <td valign=\"top\">2&nbsp;<\/td>\n\n      <td valign=\"top\">1 year&nbsp;<\/td>\n\n      <td valign=\"top\">MD\/ DNB (Pathology)<\/td>\n\n      <td valign=\"top\">Yes<br>\n        Upto 1 year&nbsp;&nbsp;<\/td>\n      <\/tr>\n\n    <tr>\n      <td valign=\"top\" bgcolor=\"#f8f8f8\">\n       University of Washington<br>\n          325 9th Ave<br>\n        Seattle, WA 98104<br>        <\/td>\n\n      <td valign=\"top\" bgcolor=\"#f8f8f8\">\n        Maria Tretiakova, MD, PhD<br>\n         mariast@uw.edu<br>\n     206-897-4294      <\/td>\n\n      <td valign=\"top\" bgcolor=\"#f8f8f8\">&nbsp;1<\/td>\n\n      <td valign=\"top\" bgcolor=\"#f8f8f8\">1 year<\/td>\n\n      <td valign=\"top\" bgcolor=\"#f8f8f8\">\n        Applicants are expected to have completed the training required for certification in Anatomic Pathology by the American Board of Pathology.\n\n       http:\/\/www.pathology.washington.edu\/education\/fellowship-gu      <\/td>\n\n      <td valign=\"top\" bgcolor=\"#f8f8f8\">&nbsp;No<\/td>\n      <\/tr>\n\n    <tr>\n      <td valign=\"top\">\n       University of Alabama at Birmingham<br>\n         1802 6th Avenue South<br>\n     Birmingham, AL      <\/td>\n\n      <td valign=\"top\">\n        Cristina Magi-Galluzzi, MD, PhD<br>\n         cmagigalluzzi@uabmc.edu<br>\n     205-996-6577      <\/td>\n\n      <td valign=\"top\">&nbsp;1<\/td>\n\n      <td valign=\"top\">1 year<\/td>\n\n      <td valign=\"top\"> AP\/CP pathology training<br>      <\/td>\n\n      <td valign=\"top\">Yes<br>\n        Upto 1 year&nbsp;<\/td>\n      <\/tr>\n\n    <tr>\n      <td valign=\"top\" bgcolor=\"#f8f8f8\" >\n       The Johns Hopkins University School of Medicine<br>\n         1550 Orleans Street, CRB2 Rm<br>\n     144 Baltimore MD 21231      <\/td>\n\n      <td valign=\"top\" bgcolor=\"#f8f8f8\">\n        Angelo M. De Marzo MD, Phd<br>\n         ademarz@jhmi.edu<br>\n     443-415-2086      <\/td>\n\n      <td valign=\"top\" bgcolor=\"#f8f8f8\">&nbsp;1<\/td>\n\n      <td valign=\"top\" bgcolor=\"#f8f8f8\">1 year<\/td>\n\n      <td width=\"26%\"  valign=\"top\" bgcolor=\"#f8f8f8\">\n        Trained pathologist with interest inprostate cancer<br>\n     1 year, with potential for 2nd      <\/td>\n\n      <td valign=\"top\" bgcolor=\"#f8f8f8\">No<br>\n        We usually do, but right now we cannot!<\/td>\n      <\/tr>\n\n    <tr>\n      <td valign=\"top\">\n        Northwestern Memorial Hospital<br>\n         251 E Huron St<br>\n        Feinberg Pavilion, Ste 7-338, Chicago, IL 60611<br>        <\/td>\n\n      <td valign=\"top\">\n        Ximing J. Yang, MD, PhD<br>\n         xyang@northwestern.edu<br>\n     312-926-3213      <\/td>\n\n      <td valign=\"top\">&nbsp;1<\/td>\n\n      <td valign=\"top\">1 year<\/td>\n\n      <td valign=\"top\"><\/td>\n\n      <td valign=\"top\">&nbsp;No<\/td>\n      <\/tr>\n\n    <tr>\n      <td valign=\"top\" bgcolor=\"#f8f8f8\" >\n        Stanford University Medical Center<br>\n         300 Pasteur Dr, L235<br>\n     Department of Pathology, Stanford, CA 94305      <\/td>\n\n      <td valign=\"top\" bgcolor=\"#f8f8f8\">\n        Chia-Sui (Sunny) Kao, MD<br>\n         ckao2@stanford.edu<br>\n        650-723-8824<br>        <\/td>\n\n      <td valign=\"top\" bgcolor=\"#f8f8f8\">&nbsp;1<\/td>\n\n      <td valign=\"top\" bgcolor=\"#f8f8f8\">1 year<\/td>\n\n      <td valign=\"top\" bgcolor=\"#f8f8f8\">3 yrs AP or 4 yrs AP\/CP<\/td>\n\n      <td valign=\"top\" bgcolor=\"#f8f8f8\">&nbsp;No<\/td>\n      <\/tr>\n\n    <tr>\n      <td valign=\"top\">\n        Charles University Hospital and Medical Faculty<br>\n        Alej Svobody 80<br>        <\/td>\n\n      <td valign=\"top\">\n        Ondrej Hes<br>\n         hes@biopticka.cz<br>\n        +420377104643<br>        <\/td>\n\n      <td valign=\"top\">&nbsp;1<\/td>\n\n      <td valign=\"top\">1 year<\/td>\n\n      <td valign=\"top\">We do not provide classic fellowship; shorter stays, up to 3 months. No specific requirements, just passion for GU pathology.<\/td>\n\n      <td valign=\"top\">Yes<br>\n        Upto 3 months<\/td>\n      <\/tr>\n\n    <tr>\n      <td valign=\"top\" bgcolor=\"#f8f8f8\" >\n        Johns Hopkins Medicine<br>\n        401 N Broadway St Rm 2242 Baltimore MD 21287<br>        <\/td>\n\n      <td valign=\"top\" bgcolor=\"#f8f8f8\">\n        Jonathan Epstein<br>\n         jepstein@jhmi.edu<br>\n      410-955-5043      <\/td>\n\n      <td valign=\"top\" bgcolor=\"#f8f8f8\">&nbsp;3<\/td>\n\n      <td valign=\"top\" bgcolor=\"#f8f8f8\">1 year<\/td>\n\n      <td valign=\"top\" bgcolor=\"#f8f8f8\">3 letters of recommendation<\/td>\n\n      <td valign=\"top\" bgcolor=\"#f8f8f8\">Yes<br>\n        1 year but must be self-funded<\/td>\n      <\/tr>\n\n    <tr>\n      <td valign=\"top\">\n        Indiana University Department of Pathology<br>\n        350 W 11th Street Room 4010<br>        <\/td>\n\n      <td valign=\"top\">\n        Liang Cheng, MD<br>\n        Lcheng@iupui.edu<br>        <\/td>\n\n      <td valign=\"top\">&nbsp;3<\/td>\n\n      <td valign=\"top\">1 year<\/td>\n\n      <td valign=\"top\"><\/td>\n\n      <td valign=\"top\">Yes<br>\n        Please contact the Program Director<\/td>\n      <\/tr>\n\n    <tr>\n      <td valign=\"top\" bgcolor=\"#f8f8f8\" >\n        Moffitt Cancer Center<br>\n        12902 USF Magnolia Drive Tampa, FL 33612<br>        <\/td>\n\n      <td valign=\"top\" bgcolor=\"#f8f8f8\">\n        Jasreman Dhillon<br>\n         Associate member<br>\n        jasreman.dhillon@moffitt.org <br>        <\/td>\n\n      <td valign=\"top\" bgcolor=\"#f8f8f8\">&nbsp;1<\/td>\n\n      <td valign=\"top\" bgcolor=\"#f8f8f8\">1 year<\/td>\n\n      <td valign=\"top\" bgcolor=\"#f8f8f8\">It is a combined GU+GYN Path Fellowship<\/td>\n\n      <td valign=\"top\" bgcolor=\"#f8f8f8\">Yes<br>\n        1-2 months as international visiting scholars<\/td>\n      <\/tr>\n\n    <tr>\n      <td valign=\"top\">\n        Hospital General San Juande Dios<br>\n         1a Avenida 10-50 Zona 1<br>\n        Guatemala City, Guatemala<br>        <\/td>\n\n      <td valign=\"top\">\n        Roberto Orozco, MD<br>\n         roberto.orozco@yahoo.com<br>\n      5025204 4404      <\/td>\n\n      <td valign=\"top\">&nbsp;1<\/td>\n\n      <td valign=\"top\">1 year<\/td>\n\n      <td width=\"26%\"  valign=\"top\">\n        4 years of anatomical pathology training\n\n      A proposal for a research project      <\/td>\n\n      <td valign=\"top\">No<br>\n        Only a rotation of 3 months<\/td>\n      <\/tr>\n\n    <tr>\n      <td valign=\"top\" bgcolor=\"#f8f8f8\">\n      Yale School of Medicine      <\/td>\n\n      <td valign=\"top\" bgcolor=\"#f8f8f8\">Peter Humphrey<br>\n      314-326-8777      <\/td>\n\n      <td valign=\"top\" bgcolor=\"#f8f8f8\" >&nbsp;1<\/td>\n\n      <td valign=\"top\" bgcolor=\"#f8f8f8\">1 year<\/td>\n\n      <td valign=\"top\" bgcolor=\"#f8f8f8\" >Previous ACGME Pathology Residency Training<\/td>\n\n      <td valign=\"top\" bgcolor=\"#f8f8f8\"><\/td>\n      <\/tr>\n\n    <tr>\n      <td valign=\"top\" >Brigham and Women&#8217;s Hospital<\/td>\n\n      <td valign=\"top\">\n        Dr. Michelle S. Hirsch, Chief Genitourinary Pathology Division, Associate Professor of Pathology Harvard, Medical School<br>\n         mhirsch1@bwh.harvard.edu<br>\n        617-5252-7256 <br>        <\/td>\n\n      <td valign=\"top\">1<\/td>\n\n      <td valign=\"top\">1 year<\/td>\n\n      <td valign=\"top\" >Completion of an AP pathology residency; USMLE required (unless native Canadian)<\/td>\n\n      <td valign=\"top\"><\/td>\n      <\/tr>\n\n    <tr>\n      <td valign=\"top\" bgcolor=\"#f8f8f8\">\n        Memorial Sloan Kettering Cancer Center<br>\n         Department of Pathology<br>\n         1275 York Avenue<br>\n        New York NY 10065<br>        <\/td>\n\n      <td valign=\"top\" bgcolor=\"#f8f8f8\">Satish Tickoo, MBBS, MD <br>\n         tickoos@mskcc.org<br>  \n     212-639-6415<\/td>\n\n      <td valign=\"top\" bgcolor=\"#f8f8f8\" >&nbsp;2&nbsp;<\/td>\n\n      <td valign=\"top\" bgcolor=\"#f8f8f8\">1 year<\/td>\n\n      <td valign=\"top\" bgcolor=\"#f8f8f8\" >Applicants must have completed at least 2 years of training in Anatomic Pathology at an accredited American or Canadian Hospital training program and be eligible for certification or certified by the American Board of Pathology<\/td>\n\n      <td valign=\"top\" bgcolor=\"#f8f8f8\">Yes<br>\n        Only as observers in the department; time variable<\/td>\n      <\/tr>\n\n    <tr>\n      <td valign=\"top\">\n        University of Calgary, Rockyview General Hospital<br>\n       7007-14st SW<br>\n      Calgary, AB T2V1P9      <\/td>\n\n      <td valign=\"top\">Asli Yilmaz, MD<br>\n        Asli.Yilmaz@albertaprecisionlabs.ca<br>\n      403-943-3630      <\/td>\n\n      <td valign=\"top\">&nbsp;1&nbsp;<\/td>\n\n      <td valign=\"top\">1 year<\/td>\n\n      <td valign=\"top\" >Completion of Anatomic Pathology residency training program<\/td>\n\n      <td valign=\"top\">Yes<br>\n        If a position is available and not filled that year, provided that the trainee has an external funding. The time period of the training can be customized to the needs of the trainee which be structured towards an additional GU expertise<\/td>\n      <\/tr>\n\n    <tr>\n      <td valign=\"top\" bgcolor=\"#f8f8f8\">\n        University of Chicago Medical Center<br>\n       5841 South Maryland Avenue<br>\n      Chicago, IL      <\/td>\n\n      <td valign=\"top\" bgcolor=\"#f8f8f8\" >Gladell P. Paner, MD<br>\n       Gladell.paner@uchospitals.edu <br>\n       773-834-7708<br>      <\/td>\n\n      <td valign=\"top\" bgcolor=\"#f8f8f8\"  >&nbsp;1<\/td>\n\n      <td valign=\"top\" bgcolor=\"#f8f8f8\" >1&nbsp;year<\/td>\n\n      <td valign=\"top\" bgcolor=\"#f8f8f8\"  >A minimum of three years&#8217; training in anatomic pathology or four years&#8217; training that combines anatomic and clinical pathology. The candidate must be able to obtain an Illinois medical license.<\/td>\n\n      <td valign=\"top\" bgcolor=\"#f8f8f8\" ><\/td>\n      <\/tr>\n\n    <tr>\n      <td valign=\"top\">\n        UT Southwestern Medical Center<br>\n         Clements University Hospital<br>\n         6201 Harry Hines Boulevard Dallas, <br>\n      TX 75390      <\/td>\n\n      <td valign=\"top\">Payal Kapur, MD<br>\n        payal.kapur@utsouthwestern.edu<br>\n      214-633-6343      <\/td>\n\n      <td valign=\"top\">1<\/td>\n\n      <td valign=\"top\">1 year<\/td>\n\n      <td valign=\"top\" >Interest in GU pathology<\/td>\n\n      <td valign=\"top\">Yes&nbsp;<br>\n        1-2 years<\/td>\n      <\/tr>\n\n    <tr>\n      <td valign=\"top\" bgcolor=\"#f8f8f8\">\n        Mount Sinai Hospital,<br>\n         Icahn School of Medicine<br>\n         1468 Madison Avenue<br>\n      New York NY&nbsp;      <\/td>\n\n      <td valign=\"top\" bgcolor=\"#f8f8f8\">Fadi Salem, MD<br>\n      liliatuva@gmail.com<br>  \n     610-348-7321<\/td>\n\n      <td valign=\"top\" bgcolor=\"#f8f8f8\" >&nbsp;1<\/td>\n\n      <td valign=\"top\" bgcolor=\"#f8f8f8\">1 year<\/td>\n\n      <td valign=\"top\" bgcolor=\"#f8f8f8\" >Combined renal pathology and GU pathology fellowship training<\/td>\n\n      <td valign=\"top\" bgcolor=\"#f8f8f8\">Yes<br>\n        1 year<\/td>\n      <\/tr>\n\n    <tr>\n      <td valign=\"top\">\n        Weill Cornell Medicine<br>\n         1300 York Avenue<br>\n        New York, NY 10065<br>        <\/td>\n\n      <td valign=\"top\">\n        Juan Miguel Mosquera, MD, MSc<br>\n         jmm9018@med.cornell.edu<br>\n      212-746-2700      <\/td>\n\n      <td valign=\"top\">1<\/td>\n\n      <td valign=\"top\">1-2 years<\/td>\n\n      <td valign=\"top\" >4-year Anatomic Pathology\/Clinical Pathology residency or 3 years of a straight Anatomic Pathology residency<\/td>\n\n      <td valign=\"top\">Yes<br>\n        1-2 years of Research Fellowship SPORE Prostate Cancer or Precision Medicine under Dept. of Pathology.<\/td>\n      <\/tr>\n\n    <tr>\n      <td valign=\"top\" bgcolor=\"#f8f8f8\">\n        Cleveland Clinic<br>\n         9500 Euclid Ave, L25<br>\n        Cleveland, OH 44195<br>        <\/td>\n\n      <td valign=\"top\" bgcolor=\"#f8f8f8\">\n        Christopher Przybycin, MD<br>\n         przybyc@ccf.org<br>\n         216-337-3360<br>\n         Please contact Rosanne Kelley for details:<br>\n      RKELLEY@ccf.org      <\/td>\n\n      <td valign=\"top\" bgcolor=\"#f8f8f8\" >&nbsp;1<\/td>\n\n      <td valign=\"top\" bgcolor=\"#f8f8f8\">1 year<\/td>\n\n      <td valign=\"top\" bgcolor=\"#f8f8f8\" >Prior surgical pathology fellowship preferred, but not required<\/td>\n\n      <td valign=\"top\" bgcolor=\"#f8f8f8\">&nbsp;No<\/td>\n      <\/tr>\n\n    <tr>\n      <td valign=\"top\">\n        University of California Los Angeles (UCLA)<br>\n         10833 La Conte Ave<br>\n      Los Angeles, CA 90095      <\/td>\n\n      <td valign=\"top\">\n        Huihui Ye, MD, Associate Professor<br>\n         hye@mednet.ucla.edu<br>\n      310-794-7495      <\/td>\n\n      <td valign=\"top\">2<\/td>\n\n      <td valign=\"top\">1 year<\/td>\n\n      <td valign=\"top\" >UCLA currently offers a combined Surgical Pathology and GU fellowship; 1 year GU fellowship may be considered upon request<\/td>\n\n      <td valign=\"top\">Yes<br>\n        Half a year to one year.<\/td>\n      <\/tr>\n\n    <tr>\n      <td valign=\"top\" bgcolor=\"#f8f8f8\">\n        Bioptical Laboratory L.T.D.<br>\n         Mikul\u00e1\u0161sk\u00e9 n\u00e1m\u011bst\u00ed 4, 30460<br>\n      Plze\u0148 Czech Republic      <\/td>\n\n      <td valign=\"top\" bgcolor=\"#f8f8f8\">\n        Prof. Dr. Michal Michal<br>\n         michal@medima.cz<br>\n        +420603886633<br>        <\/td>\n\n      <td valign=\"top\" bgcolor=\"#f8f8f8\" >&nbsp;1<\/td>\n\n      <td valign=\"top\" bgcolor=\"#f8f8f8\">2 years<\/td>\n\n      <td valign=\"top\" bgcolor=\"#f8f8f8\" ><\/td>\n\n      <td valign=\"top\" bgcolor=\"#f8f8f8\">Yes<br>\n        Various<\/td>\n      <\/tr>\n\n    <tr>\n      <td valign=\"top\">\n        University of Pittsburgh Medical Center<br>\n      Shadyside Hospital 5230 Center Avenue Pittsburgh PA 15232      <\/td>\n\n      <td valign=\"top\">\n        Gabriela M. Quiroga-Garza, MD<br>\n         quirogagarzag@upmc.edu<br>\n      412-623-3002      <\/td>\n\n      <td valign=\"top\">1<\/td>\n\n      <td valign=\"top\">1 year<\/td>\n\n      <td valign=\"top\" >Three years of anatomic pathology experience are required<\/td>\n\n      <td valign=\"top\"><\/td>\n      <\/tr>\n\n    <tr>\n      <td valign=\"top\" bgcolor=\"#f8f8f8\">\n        The University of Texas MD Anderson Cancer Center<br>\n         1515 Holcombe Unit 85<br>\n      Houston, TX 77030      <\/td>\n\n      <td valign=\"top\" bgcolor=\"#f8f8f8\">\n        Patricia Troncoso, MD, Professor of Pathology<br>\n         ptroncos@mdanderson.org<br>\n       713-794-5449<br>\n         For additional information contact:Program manager Kareen Chin<br>\n          kechin@mdanderson.org<br>\n      713-792-3108      <\/td>\n\n      <td valign=\"top\" bgcolor=\"#f8f8f8\" >&nbsp;2<\/td>\n\n      <td valign=\"top\" bgcolor=\"#f8f8f8\">1 year<\/td>\n\n      <td valign=\"top\" bgcolor=\"#f8f8f8\" >Candidate must hold either a M.D.\/D.O. degree or its foreign equivalent, along with valid certificate from the Educational Commission for Foreign Medical Graduates (ECFMG). Completed an AP or AP\/CP residency in the U.S. or Canada. Passed each step\/part\/level of a licensure examination (i.e. USMLE or COMLEXii) within three (3) attempts. Be board certified or board eligible for Texas medical permit. Meet all institutional employment requirements. The J-1 visa is required visa for international physician trainees requiring visa sponsorship. The J-1 visa is sponsored by the Education Commission for Foreign Medical Graduates (ECFMG).<\/td>\n\n      <td valign=\"top\" bgcolor=\"#f8f8f8\">Yes<br>\n        1-12 months<\/td>\n      <\/tr>\n\n    <tr>\n      <td valign=\"top\">\n        University of Rochester Medical Center<br>\n      601 Elmwood Ave, Box 626      <\/td>\n\n      <td valign=\"top\">\n        Jerome Jean-Gilles Jr., MD<br>\n         Jerome_Jeangilles@URMC.Rochester.edu<br>\n      585-273-1178      <\/td>\n\n      <td valign=\"top\">1<\/td>\n\n      <td valign=\"top\">1 year<\/td>\n\n      <td valign=\"top\" >Applicants must be board certified or eligible in Anatomic Pathology or Anatomic and Clinical Pathology and be eligible for a license to practice medicine in New York State<\/td>\n\n      <td valign=\"top\">Yes<br>\n        1 year<\/td>\n      <\/tr>\n\n    <tr>\n      <td valign=\"top\" bgcolor=\"#f8f8f8\">\n        Vanderbilt University Medical Center<br>\n        1161 21<sup>st<\/sup>&nbsp;Avenue<br>\n      South Nashville, TN 37232      <\/td>\n\n      <td valign=\"top\" bgcolor=\"#f8f8f8\">Jennifer Gordetsky MD<br>\n      jennifer.b.gordetsky@vumc.org      <\/td>\n\n      <td valign=\"top\" bgcolor=\"#f8f8f8\" >&nbsp;1<\/td>\n\n      <td valign=\"top\" bgcolor=\"#f8f8f8\">\n      \n      1 year<\/td>\n\n      <td valign=\"top\" bgcolor=\"#f8f8f8\" >Applicants are expected to have completed the training required for certification in Anatomic Pathology by the American Board of Pathology&nbsp;<\/td>\n\n      <td valign=\"top\" bgcolor=\"#f8f8f8\">No&nbsp;<\/td>\n      <\/tr>\n  <\/tbody>\n<\/table>\n<\/figure>\n\n\n<\/div>\n<\/div>\n","protected":false},"excerpt":{"rendered":"<p>Institution Program Director Positions Available Duration Specific Program Requirements Training&nbsp;opportunities&nbsp;for&nbsp;International&nbsp;Pathologists (If Yes, How Long?) Basavatarakam Indo American Cancer Hospital &amp;&nbsp; Research Institute,&nbsp;Hyderabad(TS), India Dr. B. Vishal Rao vishalrao1980@gmail.com +91 9985003442 2&nbsp; 1 year&nbsp; MD\/ DNB (Pathology) Yes Upto 1 year&nbsp;&nbsp; University of Washington 325 9th Ave Seattle, WA 98104 Maria Tretiakova, MD, PhD mariast@uw.edu 206-897-4294<br \/><a class=\"moretag\" href=\"https:\/\/iboblr.in\/gupathsociety\/fellowships\/\">+ Read More<\/a><\/p>\n","protected":false},"author":1,"featured_media":0,"parent":0,"menu_order":0,"comment_status":"closed","ping_status":"closed","template":"templates\/page-fullwidth_template.php","meta":{"pmpro_default_level":0,"footnotes":""},"class_list":["post-1764","page","type-page","status-publish","hentry","pmpro-has-access"],"_links":{"self":[{"href":"https:\/\/iboblr.in\/gupathsociety\/wp-json\/wp\/v2\/pages\/1764","targetHints":{"allow":["GET"]}}],"collection":[{"href":"https:\/\/iboblr.in\/gupathsociety\/wp-json\/wp\/v2\/pages"}],"about":[{"href":"https:\/\/iboblr.in\/gupathsociety\/wp-json\/wp\/v2\/types\/page"}],"author":[{"embeddable":true,"href":"https:\/\/iboblr.in\/gupathsociety\/wp-json\/wp\/v2\/users\/1"}],"replies":[{"embeddable":true,"href":"https:\/\/iboblr.in\/gupathsociety\/wp-json\/wp\/v2\/comments?post=1764"}],"version-history":[{"count":215,"href":"https:\/\/iboblr.in\/gupathsociety\/wp-json\/wp\/v2\/pages\/1764\/revisions"}],"predecessor-version":[{"id":8457,"href":"https:\/\/iboblr.in\/gupathsociety\/wp-json\/wp\/v2\/pages\/1764\/revisions\/8457"}],"wp:attachment":[{"href":"https:\/\/iboblr.in\/gupathsociety\/wp-json\/wp\/v2\/media?parent=1764"}],"curies":[{"name":"wp","href":"https:\/\/api.w.org\/{rel}","templated":true}]}}